{"id":2,"date":"2016-05-10T03:48:21","date_gmt":"2016-05-10T03:48:21","guid":{"rendered":"http:\/\/surdurulebilirlikzekasi.com\/?page_id=2"},"modified":"2025-11-10T14:18:23","modified_gmt":"2025-11-10T14:18:23","slug":"sq-anasayfa","status":"publish","type":"page","link":"https:\/\/surdurulebilirlikzekasi.com\/","title":{"rendered":"S\u00fcrd\u00fcr\u00fclebilirlik Zekas\u0131 SQ Geli\u015fim Modeli"},"content":{"rendered":"\n<h6 class=\"wp-block-heading\">S\u00fcrd\u00fcr\u00fclebilirlik \u0130\u00e7in E\u011fitimler, \u0130\u015f Oyunlar\u0131, At\u00f6lyeler, De\u011fi\u015fim Y\u00f6netimi, \u0130lham Veren Bulu\u015fmalar.<\/h6>\n\n\n\n<p class=\"has-text-align-left\">\u0130\u015f d\u00fcnyas\u0131n\u0131n gelece\u011fi s\u00fcrd\u00fcr\u00fclebilirlik zekas\u0131 geli\u015fmi\u015f \u00e7al\u0131\u015fanlarla \u015fekilleniyor.<\/p>\n\n\n\n<p class=\"has-text-align-left\">\u015eansl\u0131y\u0131z ki, gezegende ya\u015fam\u0131n s\u00fcrmesi i\u00e7in de\u011ferli bir yol haritam\u0131z var: <strong>S\u00fcrd\u00fcr\u00fclebilir Kalk\u0131nma Ama\u00e7lar\u0131.<\/strong> Birle\u015fmi\u015f Milletlerin belirledi\u011fi 17 k\u00fcresel ama\u00e7 bizi \u00e7evresel, ekonomik, sosyal s\u00fcrd\u00fcr\u00fclebilirlik i\u00e7in harekete davet ediyor.<\/p>\n\n\n\n<p>S\u00fcrd\u00fcr\u00fclebilirlik Zekas\u0131 (SQ) Geli\u015fim Program\u0131 ile k\u00fcresel ama\u00e7lar rehberli\u011finde ekipleriniz kurumunuzun gelece\u011fini yarat\u0131yor.<strong> SQ Geli\u015fim Modeli<\/strong>, \u00f6g\u0306renme deneyimini kal\u0131c\u0131 hale getiren bir metodoloji ile inovatif bir program sunuyor.<\/p>\n\n\n\n<ul>\n<li>Kurumun s\u00fcrd\u00fcr\u00fclebilirlik vizyonuna katk\u0131 sunar,<\/li>\n\n\n\n<li>Kurum k\u00fclt\u00fcr\u00fcne s\u00fcrd\u00fcr\u00fclebilirlik ilkelerinin entegre edilmesini kolayla\u015ft\u0131r\u0131r,<\/li>\n\n\n\n<li>\u0130\u015f s\u00fcre\u00e7lerinde s\u00fcrd\u00fcr\u00fclebilirlik odakl\u0131 d\u00fc\u015f\u00fcnmeyi geli\u015ftirir,<\/li>\n\n\n\n<li>Tak\u0131m\u0131n birlikte \u00e7al\u0131\u015farak gelece\u011fe y\u00f6nelik s\u00fcrd\u00fcr\u00fclebilirlik eylem plan\u0131n\u0131n olu\u015fturulmas\u0131n\u0131 sa\u011flar.<\/li>\n<\/ul>\n\n\n\n<p><strong>\u200b\u200bKimler i\u00e7in?<\/strong><\/p>\n\n\n\n<ul>\n<li>S\u00fcrd\u00fcr\u00fclebilirlik tak\u0131mlar\u0131, \u00fcst ve orta kademe y\u00f6neticiler, beyaz yaka ve mavi yaka dahil t\u00fcm \u015firket \u00e7al\u0131\u015fanlar\u0131, payda\u015flar, tedarik zinciri<\/li>\n<\/ul>\n\n\n\n<p><a href=\"https:\/\/www.linkedin.com\/in\/asli-dede\/\" target=\"_blank\" rel=\"noreferrer noopener\"><strong>Daha fazla bilgi i\u00e7in ileti\u015fim<\/strong><\/a><\/p>\n","protected":false},"excerpt":{"rendered":"<p>S\u00fcrd\u00fcr\u00fclebilirlik \u0130\u00e7in E\u011fitimler, \u0130\u015f Oyunlar\u0131, At\u00f6lyeler, De\u011fi\u015fim Y\u00f6netimi, \u0130lham Veren Bulu\u015fmalar. \u0130\u015f d\u00fcnyas\u0131n\u0131n gelece\u011fi s\u00fcrd\u00fcr\u00fclebilirlik zekas\u0131 geli\u015fmi\u015f \u00e7al\u0131\u015fanlarla \u015fekilleniyor. \u015eansl\u0131y\u0131z ki, gezegende ya\u015fam\u0131n s\u00fcrmesi i\u00e7in de\u011ferli bir yol haritam\u0131z var: S\u00fcrd\u00fcr\u00fclebilir Kalk\u0131nma Ama\u00e7lar\u0131. Birle\u015fmi\u015f Milletlerin belirledi\u011fi 17 k\u00fcresel ama\u00e7 bizi \u00e7evresel, ekonomik, sosyal s\u00fcrd\u00fcr\u00fclebilirlik i\u00e7in harekete davet ediyor. S\u00fcrd\u00fcr\u00fclebilirlik Zekas\u0131 (SQ) Geli\u015fim Program\u0131 ile k\u00fcresel &hellip; <\/p>\n<p class=\"link-more\"><a href=\"https:\/\/surdurulebilirlikzekasi.com\/\" class=\"more-link\">Okumaya devam et<span class=\"screen-reader-text\"> &#8220;S\u00fcrd\u00fcr\u00fclebilirlik Zekas\u0131 SQ Geli\u015fim Modeli&#8221;<\/span><\/a><\/p>\n","protected":false},"author":1,"featured_media":0,"parent":0,"menu_order":0,"comment_status":"closed","ping_status":"closed","template":"","meta":{"footnotes":""},"_links":{"self":[{"href":"https:\/\/surdurulebilirlikzekasi.com\/index.php?rest_route=\/wp\/v2\/pages\/2"}],"collection":[{"href":"https:\/\/surdurulebilirlikzekasi.com\/index.php?rest_route=\/wp\/v2\/pages"}],"about":[{"href":"https:\/\/surdurulebilirlikzekasi.com\/index.php?rest_route=\/wp\/v2\/types\/page"}],"author":[{"embeddable":true,"href":"https:\/\/surdurulebilirlikzekasi.com\/index.php?rest_route=\/wp\/v2\/users\/1"}],"replies":[{"embeddable":true,"href":"https:\/\/surdurulebilirlikzekasi.com\/index.php?rest_route=%2Fwp%2Fv2%2Fcomments&post=2"}],"version-history":[{"count":28,"href":"https:\/\/surdurulebilirlikzekasi.com\/index.php?rest_route=\/wp\/v2\/pages\/2\/revisions"}],"predecessor-version":[{"id":67,"href":"https:\/\/surdurulebilirlikzekasi.com\/index.php?rest_route=\/wp\/v2\/pages\/2\/revisions\/67"}],"wp:attachment":[{"href":"https:\/\/surdurulebilirlikzekasi.com\/index.php?rest_route=%2Fwp%2Fv2%2Fmedia&parent=2"}],"curies":[{"name":"wp","href":"https:\/\/api.w.org\/{rel}","templated":true}]}}